{"id":145,"date":"2026-02-17T15:26:54","date_gmt":"2026-02-17T15:26:54","guid":{"rendered":"https:\/\/emanon2026.tropitech.cloud\/ou-acheter\/"},"modified":"2026-02-17T15:26:54","modified_gmt":"2026-02-17T15:26:54","slug":"ou-acheter","status":"publish","type":"page","link":"https:\/\/emanon2026.tropitech.cloud\/en\/ou-acheter\/","title":{"rendered":"Where to buy the creations"},"content":{"rendered":"<h1>Where to buy the creations<\/h1>\n<p>Contenu \u00e0 venir.<\/p>","protected":false},"excerpt":{"rendered":"<p>O\u00f9 acheter les cr\u00e9ations Contenu \u00e0 venir.<\/p>","protected":false},"author":1,"featured_media":0,"parent":0,"menu_order":0,"comment_status":"closed","ping_status":"closed","template":"","meta":{"footnotes":""},"class_list":["post-145","page","type-page","status-publish","hentry"],"_links":{"self":[{"href":"https:\/\/emanon2026.tropitech.cloud\/en\/wp-json\/wp\/v2\/pages\/145","targetHints":{"allow":["GET"]}}],"collection":[{"href":"https:\/\/emanon2026.tropitech.cloud\/en\/wp-json\/wp\/v2\/pages"}],"about":[{"href":"https:\/\/emanon2026.tropitech.cloud\/en\/wp-json\/wp\/v2\/types\/page"}],"author":[{"embeddable":true,"href":"https:\/\/emanon2026.tropitech.cloud\/en\/wp-json\/wp\/v2\/users\/1"}],"replies":[{"embeddable":true,"href":"https:\/\/emanon2026.tropitech.cloud\/en\/wp-json\/wp\/v2\/comments?post=145"}],"version-history":[{"count":0,"href":"https:\/\/emanon2026.tropitech.cloud\/en\/wp-json\/wp\/v2\/pages\/145\/revisions"}],"wp:attachment":[{"href":"https:\/\/emanon2026.tropitech.cloud\/en\/wp-json\/wp\/v2\/media?parent=145"}],"curies":[{"name":"wp","href":"https:\/\/api.w.org\/{rel}","templated":true}]}}