{"id":137,"date":"2026-02-17T14:20:41","date_gmt":"2026-02-17T14:20:41","guid":{"rendered":"https:\/\/emanon2026.tropitech.cloud\/rgpd\/"},"modified":"2026-02-18T13:17:00","modified_gmt":"2026-02-18T13:17:00","slug":"rgpd","status":"publish","type":"page","link":"https:\/\/emanon2026.tropitech.cloud\/en\/rgpd\/","title":{"rendered":"GDPR"},"content":{"rendered":"<h2>RGPD \u2013 Protection des donn\u00e9es<\/h2>\n<p>Derni\u00e8re mise \u00e0 jour : 18\/02\/2026<\/p>\n<h3>Responsable du traitement<\/h3>\n<p><strong>EMANON<\/strong><br \/>Contact : <a href=\"mailto:contact@emanon.mu\">contact@emanon.mu<\/a><br \/>Site : emanon2026.tropitech.cloud<\/p>\n<h3>Finalit\u00e9s<\/h3>\n<ul>\n<li>Traitement des commandes, livraison, service client.<\/li>\n<li>Gestion des paiements via prestataires externes.<\/li>\n<li>S\u00e9curit\u00e9 du site, pr\u00e9vention fraude, am\u00e9lioration de l\u2019exp\u00e9rience.<\/li>\n<li>Communication (newsletter\/offres) uniquement si consentement.<\/li>\n<\/ul>\n<h3>Vos droits<\/h3>\n<ul>\n<li>Acc\u00e8s, rectification, effacement<\/li>\n<li>Limitation, opposition<\/li>\n<li>Portabilit\u00e9 (selon cas)<\/li>\n<\/ul>\n<h3>Exercer vos droits<\/h3>\n<p>\u00c9crivez \u00e0 <a href=\"mailto:contact@emanon.mu\">contact@emanon.mu<\/a> en pr\u00e9cisant votre demande. Une preuve d\u2019identit\u00e9 peut \u00eatre demand\u00e9e pour \u00e9viter toute usurpation.<\/p>","protected":false},"excerpt":{"rendered":"<p>RGPD \u2013 Protection des donn\u00e9es Derni\u00e8re mise \u00e0 jour : 18\/02\/2026 Responsable du traitement EMANONContact : contact@emanon.muSite : emanon2026.tropitech.cloud Finalit\u00e9s Traitement des commandes, livraison, service client. Gestion des paiements via prestataires externes. S\u00e9curit\u00e9 du site, pr\u00e9vention fraude, am\u00e9lioration de l\u2019exp\u00e9rience. Communication (newsletter\/offres) uniquement si consentement. Vos droits Acc\u00e8s, rectification, effacement Limitation, opposition Portabilit\u00e9 (selon cas) [&hellip;]<\/p>\n","protected":false},"author":1,"featured_media":0,"parent":0,"menu_order":0,"comment_status":"closed","ping_status":"closed","template":"","meta":{"footnotes":""},"class_list":["post-137","page","type-page","status-publish","hentry"],"_links":{"self":[{"href":"https:\/\/emanon2026.tropitech.cloud\/en\/wp-json\/wp\/v2\/pages\/137","targetHints":{"allow":["GET"]}}],"collection":[{"href":"https:\/\/emanon2026.tropitech.cloud\/en\/wp-json\/wp\/v2\/pages"}],"about":[{"href":"https:\/\/emanon2026.tropitech.cloud\/en\/wp-json\/wp\/v2\/types\/page"}],"author":[{"embeddable":true,"href":"https:\/\/emanon2026.tropitech.cloud\/en\/wp-json\/wp\/v2\/users\/1"}],"replies":[{"embeddable":true,"href":"https:\/\/emanon2026.tropitech.cloud\/en\/wp-json\/wp\/v2\/comments?post=137"}],"version-history":[{"count":3,"href":"https:\/\/emanon2026.tropitech.cloud\/en\/wp-json\/wp\/v2\/pages\/137\/revisions"}],"predecessor-version":[{"id":255,"href":"https:\/\/emanon2026.tropitech.cloud\/en\/wp-json\/wp\/v2\/pages\/137\/revisions\/255"}],"wp:attachment":[{"href":"https:\/\/emanon2026.tropitech.cloud\/en\/wp-json\/wp\/v2\/media?parent=137"}],"curies":[{"name":"wp","href":"https:\/\/api.w.org\/{rel}","templated":true}]}}