{"id":134,"date":"2026-02-17T14:20:41","date_gmt":"2026-02-17T14:20:41","guid":{"rendered":"https:\/\/emanon2026.tropitech.cloud\/mentions-legales\/"},"modified":"2026-02-18T13:06:59","modified_gmt":"2026-02-18T13:06:59","slug":"mentions-legales","status":"publish","type":"page","link":"https:\/\/emanon2026.tropitech.cloud\/en\/mentions-legales\/","title":{"rendered":"Terms of use"},"content":{"rendered":"<h2>Terms of use<\/h2>\n<p><strong>EMANON<\/strong> \u2013 Site vitrine e-commerce (WooCommerce) \u2013 cr\u00e9ations de v\u00eatements.<\/p>\n<h3>\u00c9diteur du site<\/h3>\n<p>\n<strong>EMANON<\/strong><br \/>\nEntreprise : (\u00e0 compl\u00e9ter)<br \/>\nNum\u00e9ro d\u2019immatriculation : (\u00e0 compl\u00e9ter)<br \/>\nTVA\/BRN : (\u00e0 compl\u00e9ter)<br \/>\nAdresse : (\u00e0 compl\u00e9ter)<br \/>\nMauritius<br \/>\nEmail : <a href=\"mailto:contact@emanon.mu\">contact@emanon.mu<\/a><br \/>\nNom de domaine : emanon2026.tropitech.cloud\n<\/p>\n<h3>H\u00e9bergement<\/h3>\n<p>\nLe site est h\u00e9berg\u00e9 par <strong>Hostinger<\/strong>.<br \/>\n(Informations d\u2019h\u00e9bergement compl\u00e8tes : \u00e0 compl\u00e9ter si n\u00e9cessaire)\n<\/p>\n<h3>Propri\u00e9t\u00e9 intellectuelle<\/h3>\n<p>\nL\u2019ensemble du contenu du site (textes, images, photographies, logos, charte graphique, \u00e9l\u00e9ments de design, etc.) est prot\u00e9g\u00e9 par le droit de la propri\u00e9t\u00e9 intellectuelle.<br \/>\nToute reproduction, repr\u00e9sentation, modification ou diffusion, totale ou partielle, sans autorisation pr\u00e9alable \u00e9crite, est interdite.\n<\/p>\n<h3>Responsabilit\u00e9<\/h3>\n<p>\nEMANON s\u2019efforce d\u2019assurer l\u2019exactitude des informations publi\u00e9es sur ce site. Toutefois, des erreurs ou omissions peuvent survenir.<br \/>\nEMANON ne saurait \u00eatre tenue responsable d\u2019un mauvais usage du site, ni de dommages li\u00e9s \u00e0 l\u2019utilisation ou l\u2019impossibilit\u00e9 d\u2019utilisation du site.\n<\/p>\n<h3>Contact<\/h3>\n<p>\nPour toute question, vous pouvez nous \u00e9crire \u00e0 : <a href=\"mailto:contact@emanon.mu\">contact@emanon.mu<\/a>.<\/p>","protected":false},"excerpt":{"rendered":"<p>Mentions l\u00e9gales EMANON \u2013 Site vitrine e-commerce (WooCommerce) \u2013 cr\u00e9ations de v\u00eatements. \u00c9diteur du site EMANON Entreprise : (\u00e0 compl\u00e9ter) Num\u00e9ro d\u2019immatriculation : (\u00e0 compl\u00e9ter) TVA\/BRN : (\u00e0 compl\u00e9ter) Adresse : (\u00e0 compl\u00e9ter) \u00cele Maurice Email : contact@emanon.mu Nom de domaine : emanon2026.tropitech.cloud H\u00e9bergement Le site est h\u00e9berg\u00e9 par Hostinger. (Informations d\u2019h\u00e9bergement compl\u00e8tes : \u00e0 [&hellip;]<\/p>\n","protected":false},"author":1,"featured_media":0,"parent":0,"menu_order":0,"comment_status":"closed","ping_status":"closed","template":"","meta":{"footnotes":""},"class_list":["post-134","page","type-page","status-publish","hentry"],"_links":{"self":[{"href":"https:\/\/emanon2026.tropitech.cloud\/en\/wp-json\/wp\/v2\/pages\/134","targetHints":{"allow":["GET"]}}],"collection":[{"href":"https:\/\/emanon2026.tropitech.cloud\/en\/wp-json\/wp\/v2\/pages"}],"about":[{"href":"https:\/\/emanon2026.tropitech.cloud\/en\/wp-json\/wp\/v2\/types\/page"}],"author":[{"embeddable":true,"href":"https:\/\/emanon2026.tropitech.cloud\/en\/wp-json\/wp\/v2\/users\/1"}],"replies":[{"embeddable":true,"href":"https:\/\/emanon2026.tropitech.cloud\/en\/wp-json\/wp\/v2\/comments?post=134"}],"version-history":[{"count":2,"href":"https:\/\/emanon2026.tropitech.cloud\/en\/wp-json\/wp\/v2\/pages\/134\/revisions"}],"predecessor-version":[{"id":250,"href":"https:\/\/emanon2026.tropitech.cloud\/en\/wp-json\/wp\/v2\/pages\/134\/revisions\/250"}],"wp:attachment":[{"href":"https:\/\/emanon2026.tropitech.cloud\/en\/wp-json\/wp\/v2\/media?parent=134"}],"curies":[{"name":"wp","href":"https:\/\/api.w.org\/{rel}","templated":true}]}}